{"id":8412,"date":"2026-03-31T18:04:16","date_gmt":"2026-03-31T16:04:16","guid":{"rendered":"https:\/\/denismarie.fr\/seminaire\/?page_id=8412"},"modified":"2026-04-13T10:18:18","modified_gmt":"2026-04-13T08:18:18","slug":"textes-seminaire-2026","status":"publish","type":"page","link":"https:\/\/denismarie.fr\/seminaire\/textes-seminaire-2026\/","title":{"rendered":"Textes s\u00e9minaire 2026"},"content":{"rendered":"<style>.wp-block-kadence-advancedheading.kt-adv-heading8412_f9f905-69, .wp-block-kadence-advancedheading.kt-adv-heading8412_f9f905-69[data-kb-block=\"kb-adv-heading8412_f9f905-69\"]{padding-bottom:0px;margin-top:0px;margin-bottom:0px;text-align:center;font-size:24px;font-style:normal;text-transform:uppercase;}.wp-block-kadence-advancedheading.kt-adv-heading8412_f9f905-69 mark.kt-highlight, .wp-block-kadence-advancedheading.kt-adv-heading8412_f9f905-69[data-kb-block=\"kb-adv-heading8412_f9f905-69\"] mark.kt-highlight{font-style:normal;color:#f76a0c;-webkit-box-decoration-break:clone;box-decoration-break:clone;padding-top:0px;padding-right:0px;padding-bottom:0px;padding-left:0px;}.wp-block-kadence-advancedheading.kt-adv-heading8412_f9f905-69 img.kb-inline-image, .wp-block-kadence-advancedheading.kt-adv-heading8412_f9f905-69[data-kb-block=\"kb-adv-heading8412_f9f905-69\"] img.kb-inline-image{width:150px;vertical-align:baseline;}@media all and (max-width: 1024px){.wp-block-kadence-advancedheading.kt-adv-heading8412_f9f905-69, .wp-block-kadence-advancedheading.kt-adv-heading8412_f9f905-69[data-kb-block=\"kb-adv-heading8412_f9f905-69\"]{padding-top:0px;margin-top:var(--global-kb-spacing-sm, 1.5rem);}}@media all and (max-width: 767px){.wp-block-kadence-advancedheading.kt-adv-heading8412_f9f905-69, .wp-block-kadence-advancedheading.kt-adv-heading8412_f9f905-69[data-kb-block=\"kb-adv-heading8412_f9f905-69\"]{margin-top:var(--global-kb-spacing-sm, 1.5rem);}}<\/style>\n<h2 class=\"kt-adv-heading8412_f9f905-69 wp-block-kadence-advancedheading has-theme-palette-5-color has-text-color\" data-kb-block=\"kb-adv-heading8412_f9f905-69\">S\u00c9MINAIRE 2026<\/h2>\n\n\n<style>#kt-modal8412_118018-0c .kt-blocks-modal-link{color:#9c9c9c;background:transparent;border-color:#555555;border-radius:4px;font-size:16px;line-height:24px;border-width:1px 1px 1px 1px;padding:4px 8px 4px 8px;margin:30px 30px 30px 30px;}#kt-modal8412_118018-0c .kt-blocks-modal-link:hover, #kt-modal8412_118018-0c .kt-blocks-modal-link:focus{color:#ffffff;background:#444444;border-color:#444444;}#kt-modal8412_118018-0c .kt-modal-overlay, #kt-target-modal8412_118018-0c .kt-modal-overlay, .kb-modal-content8412_118018-0c .kt-modal-overlay{background:rgba(0, 0, 0, 0.6);}#kt-modal8412_118018-0c .kt-modal-overlay, #kt-target-modal8412_118018-0c .kt-modal-overlay, .kb-modal-content8412_118018-0c .kt-modal-overlay{-ms-flex-pack:center;justify-content:center;-ms-flex-align:center;align-items:center;}#kt-modal8412_118018-0c .kt-modal-container, #kt-target-modal8412_118018-0c .kt-modal-container, .kb-modal-content8412_118018-0c .kt-modal-container{width:100%;max-width:650px;-ms-flex-pack:flex-start;justify-content:flex-start;text-align:left;-ms-flex-align:flex-start;align-items:flex-start;}#kt-modal8412_118018-0c .kt-modal-container, #kt-target-modal8412_118018-0c .kt-modal-container, .kb-modal-content8412_118018-0c .kt-modal-container{padding-top:0px;padding-right:0px;padding-bottom:20px;padding-left:0px;margin-top:0px;margin-right:0px;margin-bottom:-3px;margin-left:0px;}#kt-modal8412_118018-0c .kt-modal-container, #kt-target-modal8412_118018-0c .kt-modal-container, .kb-modal-content8412_118018-0c .kt-modal-container{background:var(--global-palette3, #1A202C);border-top:0px solid #ffffff;border-right:0px solid #ffffff;border-bottom:0px solid #ffffff;border-left:0px solid #ffffff;}#kt-modal8412_118018-0c .kt-modal-close svg, #kt-target-modal8412_118018-0c .kt-modal-close svg, .kb-modal-content8412_118018-0c .kt-modal-close svg{width:24px;height:24px;}@media all and (max-width: 1024px){#kt-modal8412_118018-0c .kt-modal-container, #kt-target-modal8412_118018-0c .kt-modal-container, .kb-modal-content8412_118018-0c .kt-modal-container{width:100%;border-top:0px solid #ffffff;border-right:0px solid #ffffff;border-bottom:0px solid #ffffff;border-left:0px solid #ffffff;}}@media all and (max-width: 1024px){#kt-modal8412_118018-0c .kt-modal-close svg, #kt-target-modal8412_118018-0c .kt-modal-close svg, .kb-modal-content8412_118018-0c .kt-modal-close svg{width:24px;height:24px;}}@media all and (max-width: 767px){#kt-modal8412_118018-0c .kt-modal-container, #kt-target-modal8412_118018-0c .kt-modal-container, .kb-modal-content8412_118018-0c .kt-modal-container{width:100%;border-top:0px solid #ffffff;border-right:0px solid #ffffff;border-bottom:0px solid #ffffff;border-left:0px solid #ffffff;}#kt-modal8412_118018-0c .kt-modal-close svg, #kt-target-modal8412_118018-0c .kt-modal-close svg, .kb-modal-content8412_118018-0c .kt-modal-close svg{width:24px;height:24px;}}<\/style>\n<div class=\"wp-block-kadence-modal alignnone kt-modal-linkalign-center\" id=\"kt-modal8412_118018-0c\"><button class=\"kb-btn-global-custom kt-modal-label-show kt-blocks-modal-link\" data-modal-open=\"kt-target-modal8412_118018-0c\"><span class=\"kt-blocks-modal-link-inner\">La Source d\u2019amour inconditionnel \/ Introduction<\/span><span class=\"kb-svg-icon-wrap kb-svg-icon-fe_chevronRight kt-btn-svg-icon kt-btn-svg-icon-fe chevronRight kt-btn-side-right\"><svg viewBox=\"0 0 24 24\"  fill=\"none\" stroke=\"currentColor\" stroke-width=\"2\" stroke-linecap=\"round\" stroke-linejoin=\"round\" xmlns=\"http:\/\/www.w3.org\/2000\/svg\"  aria-hidden=\"true\"><polyline points=\"9 18 15 12 9 6\"\/><\/svg><\/span><\/button><\/div>\n\n\n<style>.kt-post-loop8412_94035f-d5 .kadence-post-image{padding-top:0px;padding-right:0px;padding-bottom:0px;padding-left:0px;}.kt-post-loop8412_94035f-d5 .kt-post-grid-wrap{gap:40px 40px;}.kt-post-loop8412_94035f-d5 .kt-blocks-post-grid-item{border-top-left-radius:0px;border-top-right-radius:0px;border-bottom-right-radius:0px;border-bottom-left-radius:0px;background-color:var(--global-palette3, #1A202C);overflow:hidden;}.kt-post-loop8412_94035f-d5 .kt-blocks-post-grid-item .kt-blocks-post-grid-item-inner{padding-top:10px;padding-right:20px;padding-bottom:20px;padding-left:20px;}.kt-post-loop8412_94035f-d5 .kt-blocks-post-grid-item header{padding-top:0px;padding-right:0px;padding-bottom:0px;padding-left:0px;margin-top:0px;margin-right:0px;margin-bottom:0px;margin-left:0px;}.kt-post-loop8412_94035f-d5 .kt-blocks-post-grid-item .entry-title{color:var(--global-palette9, #ffffff);padding-top:5px;padding-right:0px;padding-bottom:10px;padding-left:0px;margin-top:0px;margin-right:0px;margin-bottom:0px;margin-left:0px;font-size:24px;}.kt-post-loop8412_94035f-d5 .kt-blocks-post-grid-item .entry-title:hover{color:var(--global-palette5, #4A5568);}.kt-post-loop8412_94035f-d5 .entry-content{padding-top:0px;padding-right:0px;padding-bottom:0px;padding-left:0px;margin-top:0px;margin-right:0px;margin-bottom:0px;margin-left:0px;}.kt-post-loop8412_94035f-d5 .kt-blocks-post-footer{border-top-width:0px;border-right-width:0px;border-bottom-width:0px;border-left-width:0px;padding-top:0px;padding-right:0px;padding-bottom:0px;padding-left:0px;margin-top:6px;margin-right:0px;margin-bottom:0px;margin-left:0px;}.kt-post-loop8412_94035f-d5 .entry-content:after{height:6px;}.kt-post-loop8412_94035f-d5 .entry-content .kt-blocks-post-readmore{background-color:var(--global-palette3, #1A202C);border-color:var(--global-palette3, #1A202C);color:var(--global-palette9, #ffffff);padding-top:0px;padding-right:0px;padding-bottom:0px;padding-left:0px;margin-top:20px;margin-right:0px;margin-bottom:0px;margin-left:0px;font-size:13px;letter-spacing:0px;font-family:Montserrat;font-weight:700;font-style:normal;}.kt-post-loop8412_94035f-d5 .entry-content .kt-blocks-post-readmore:hover{color:var(--global-palette5, #4A5568);border-color:#555555;background-color:rgba(255,255,255,0);}.kt-post-loop8412_94035f-d5 .kb-filter-item{border-top-width:0px;border-right-width:0px;border-bottom-width:2px;border-left-width:0px;padding-top:5px;padding-right:8px;padding-bottom:5px;padding-left:8px;margin-top:0px;margin-right:10px;margin-bottom:0px;margin-left:0px;}<\/style><div class=\"wp-block-kadence-postgrid kt-blocks-post-loop-block alignnone kt-post-loop8412_94035f-d5 kt-post-grid-layout-grid \"><div class=\"kt-post-grid-layout-grid-wrap kt-post-grid-wrap\" data-columns-xxl=\"3\" data-columns-xl=\"3\" data-columns-md=\"3\" data-columns-sm=\"2\" data-columns-xs=\"1\" data-columns-ss=\"1\"data-item-selector=\".kt-post-masonry-item\" aria-label=\"Post Carousel\"><article class=\"kt-blocks-post-grid-item\"><div class=\"kt-blocks-post-grid-item-inner-wrap kt-feat-image-align-top kt-feat-image-mobile-align-top\"><div class=\"kadence-post-image\"><div class=\"kadence-post-image-intrisic kt-image-ratio-56-25\" style=\"padding-bottom:56.25%;\"><div class=\"kadence-post-image-inner-intrisic\"><a aria-hidden=\"true\" tabindex=\"-1\" role=\"presentation\" href=\"https:\/\/denismarie.fr\/seminaire\/la-source-d-amour-inconditionnel\/\" aria-label=\"La Source d\u2019Amour inconditionnel\" class=\"kadence-post-image-inner-wrap\"><img loading=\"lazy\" decoding=\"async\" width=\"1024\" height=\"574\" src=\"https:\/\/denismarie.fr\/seminaire\/wp-content\/uploads\/2026\/03\/affiche-2026-1024x574.jpg\" class=\"attachment-large size-large wp-post-image\" alt=\"\" srcset=\"https:\/\/denismarie.fr\/seminaire\/wp-content\/uploads\/2026\/03\/affiche-2026-1024x574.jpg 1024w, https:\/\/denismarie.fr\/seminaire\/wp-content\/uploads\/2026\/03\/affiche-2026-300x168.jpg 300w, https:\/\/denismarie.fr\/seminaire\/wp-content\/uploads\/2026\/03\/affiche-2026-768x430.jpg 768w, https:\/\/denismarie.fr\/seminaire\/wp-content\/uploads\/2026\/03\/affiche-2026-1536x861.jpg 1536w, https:\/\/denismarie.fr\/seminaire\/wp-content\/uploads\/2026\/03\/affiche-2026.jpg 1749w\" sizes=\"auto, (max-width: 1024px) 100vw, 1024px\" \/><\/a><\/div><\/div><\/div><div class=\"kt-blocks-post-grid-item-inner\"><header><h2 class=\"entry-title\"><a href=\"https:\/\/denismarie.fr\/seminaire\/la-source-d-amour-inconditionnel\/\">La Source d\u2019Amour inconditionnel<\/a><\/h2><div class=\"kt-blocks-post-top-meta\"><\/div><\/header><div class=\"entry-content\">Et si, en nous, se cachait un tr\u00e9sor que nous n\u00e9gligeons&nbsp;?&nbsp; L\u2019Amour, ce tr\u00e9sor pr\u00e9cieux, est souvent sous-estim\u00e9 et m\u00e9connu. Nous ne le&#8230;<div class=\"kt-blocks-post-readmore-wrap\"><a class=\"kt-blocks-post-readmore\" href=\"https:\/\/denismarie.fr\/seminaire\/la-source-d-amour-inconditionnel\/\">SUITE \u203a <span class=\"screen-reader-text\"> La Source d\u2019Amour inconditionnel<\/span><\/a><\/div><\/div><footer class=\"kt-blocks-post-footer\"><div class=\"kt-blocks-post-footer-left\"><div class=\"kt-blocks-tags kt-blocks-post-footer-section\"><span class=\"kt-blocks-tags-icon\"><svg version=\"1.1\" xmlns=\"http:\/\/www.w3.org\/2000\/svg\" class=\"kt-blocks-tag-svg\" width=\"36\" height=\"32\" fill=\"currentColor\" viewBox=\"0 0 36 32\"><title>\u00c9tiquettes<\/title><path d=\"M34.939 19.939l-8.879-8.879c-0.583-0.583-1.736-1.061-2.561-1.061h-18c-0.825 0-1.5 0.675-1.5 1.5v19c0 0.825 0.675 1.5 1.5 1.5h18c0.825 0 1.977-0.477 2.561-1.061l8.879-8.879c0.583-0.583 0.583-1.538-0-2.121zM25 24c-1.657 0-3-1.343-3-3s1.343-3 3-3 3 1.343 3 3-1.343 3-3 3z\"><\/path><path d=\"M2 8h21l-0.939-0.939c-0.583-0.583-1.736-1.061-2.561-1.061h-18c-0.825 0-1.5 0.675-1.5 1.5v19c0 0.825 0.675 1.5 1.5 1.5h0.5v-20z\"><\/path><\/svg><\/span><a href=\"https:\/\/denismarie.fr\/seminaire\/tag\/introduction\/\" rel=\"tag\">Introduction<\/a><\/div><\/div><div class=\"kt-blocks-post-footer-right\"><\/div><\/footer><\/div><\/div><\/article><article class=\"kt-blocks-post-grid-item\"><div class=\"kt-blocks-post-grid-item-inner-wrap kt-feat-image-align-top kt-feat-image-mobile-align-top\"><div class=\"kadence-post-image\"><div class=\"kadence-post-image-intrisic kt-image-ratio-56-25\" style=\"padding-bottom:56.25%;\"><div class=\"kadence-post-image-inner-intrisic\"><a aria-hidden=\"true\" tabindex=\"-1\" role=\"presentation\" href=\"https:\/\/denismarie.fr\/seminaire\/l-amour-inconditionnel\/\" aria-label=\"L\u2019Amour inconditionnel\" class=\"kadence-post-image-inner-wrap\"><img loading=\"lazy\" decoding=\"async\" width=\"1024\" height=\"574\" src=\"https:\/\/denismarie.fr\/seminaire\/wp-content\/uploads\/2026\/04\/affiche-ornage-1024x574.webp\" class=\"attachment-large size-large wp-post-image\" alt=\"\" srcset=\"https:\/\/denismarie.fr\/seminaire\/wp-content\/uploads\/2026\/04\/affiche-ornage-1024x574.webp 1024w, https:\/\/denismarie.fr\/seminaire\/wp-content\/uploads\/2026\/04\/affiche-ornage-300x168.webp 300w, https:\/\/denismarie.fr\/seminaire\/wp-content\/uploads\/2026\/04\/affiche-ornage-768x430.webp 768w, https:\/\/denismarie.fr\/seminaire\/wp-content\/uploads\/2026\/04\/affiche-ornage-1536x861.webp 1536w, https:\/\/denismarie.fr\/seminaire\/wp-content\/uploads\/2026\/04\/affiche-ornage.webp 1749w\" sizes=\"auto, (max-width: 1024px) 100vw, 1024px\" \/><\/a><\/div><\/div><\/div><div class=\"kt-blocks-post-grid-item-inner\"><header><h2 class=\"entry-title\"><a href=\"https:\/\/denismarie.fr\/seminaire\/l-amour-inconditionnel\/\">L\u2019Amour inconditionnel<\/a><\/h2><div class=\"kt-blocks-post-top-meta\"><\/div><\/header><div class=\"entry-content\">L\u2019Amour inconditionnel ne se transmet pas comme une m\u00e9thode.\u00a0 S\u2019il existe une pratique telle que \u201cla pri\u00e8re du c\u0153ur\u201d, alors, avant d\u2019avoir commenc\u00e9,&#8230;<div class=\"kt-blocks-post-readmore-wrap\"><a class=\"kt-blocks-post-readmore\" href=\"https:\/\/denismarie.fr\/seminaire\/l-amour-inconditionnel\/\">SUITE \u203a <span class=\"screen-reader-text\"> L\u2019Amour inconditionnel<\/span><\/a><\/div><\/div><footer class=\"kt-blocks-post-footer\"><div class=\"kt-blocks-post-footer-left\"><div class=\"kt-blocks-tags kt-blocks-post-footer-section\"><span class=\"kt-blocks-tags-icon\"><svg version=\"1.1\" xmlns=\"http:\/\/www.w3.org\/2000\/svg\" class=\"kt-blocks-tag-svg\" width=\"36\" height=\"32\" fill=\"currentColor\" viewBox=\"0 0 36 32\"><title>\u00c9tiquettes<\/title><path d=\"M34.939 19.939l-8.879-8.879c-0.583-0.583-1.736-1.061-2.561-1.061h-18c-0.825 0-1.5 0.675-1.5 1.5v19c0 0.825 0.675 1.5 1.5 1.5h18c0.825 0 1.977-0.477 2.561-1.061l8.879-8.879c0.583-0.583 0.583-1.538-0-2.121zM25 24c-1.657 0-3-1.343-3-3s1.343-3 3-3 3 1.343 3 3-1.343 3-3 3z\"><\/path><path d=\"M2 8h21l-0.939-0.939c-0.583-0.583-1.736-1.061-2.561-1.061h-18c-0.825 0-1.5 0.675-1.5 1.5v19c0 0.825 0.675 1.5 1.5 1.5h0.5v-20z\"><\/path><\/svg><\/span><a href=\"https:\/\/denismarie.fr\/seminaire\/tag\/introduction-2\/\" rel=\"tag\">Introduction 2<\/a><\/div><\/div><div class=\"kt-blocks-post-footer-right\"><\/div><\/footer><\/div><\/div><\/article><article class=\"kt-blocks-post-grid-item\"><div class=\"kt-blocks-post-grid-item-inner-wrap kt-feat-image-align-top kt-feat-image-mobile-align-top\"><div class=\"kadence-post-image\"><div class=\"kadence-post-image-intrisic kt-image-ratio-56-25\" style=\"padding-bottom:56.25%;\"><div class=\"kadence-post-image-inner-intrisic\"><a aria-hidden=\"true\" tabindex=\"-1\" role=\"presentation\" href=\"https:\/\/denismarie.fr\/seminaire\/le-puits-damour\/\" aria-label=\"Le puits d&rsquo;Amour\" class=\"kadence-post-image-inner-wrap\"><img loading=\"lazy\" decoding=\"async\" width=\"1024\" height=\"574\" src=\"https:\/\/denismarie.fr\/seminaire\/wp-content\/uploads\/2026\/04\/affiches-red-2026-1024x574.webp\" class=\"attachment-large size-large wp-post-image\" alt=\"\" srcset=\"https:\/\/denismarie.fr\/seminaire\/wp-content\/uploads\/2026\/04\/affiches-red-2026-1024x574.webp 1024w, https:\/\/denismarie.fr\/seminaire\/wp-content\/uploads\/2026\/04\/affiches-red-2026-300x168.webp 300w, https:\/\/denismarie.fr\/seminaire\/wp-content\/uploads\/2026\/04\/affiches-red-2026-768x430.webp 768w, https:\/\/denismarie.fr\/seminaire\/wp-content\/uploads\/2026\/04\/affiches-red-2026-1536x861.webp 1536w, https:\/\/denismarie.fr\/seminaire\/wp-content\/uploads\/2026\/04\/affiches-red-2026.webp 1749w\" sizes=\"auto, (max-width: 1024px) 100vw, 1024px\" \/><\/a><\/div><\/div><\/div><div class=\"kt-blocks-post-grid-item-inner\"><header><h2 class=\"entry-title\"><a href=\"https:\/\/denismarie.fr\/seminaire\/le-puits-damour\/\">Le puits d&rsquo;Amour<\/a><\/h2><div class=\"kt-blocks-post-top-meta\"><\/div><\/header><div class=\"entry-content\">Texte du vid\u00e9oclip En chacun de nous, l\u2019Amour demeure inconditionnel. Cependant, nos c\u0153urs sont comme des pompes qui se sont gripp\u00e9es ou qui&#8230;<div class=\"kt-blocks-post-readmore-wrap\"><a class=\"kt-blocks-post-readmore\" href=\"https:\/\/denismarie.fr\/seminaire\/le-puits-damour\/\">SUITE \u203a <span class=\"screen-reader-text\"> Le puits d&rsquo;Amour<\/span><\/a><\/div><\/div><footer class=\"kt-blocks-post-footer\"><div class=\"kt-blocks-post-footer-left\"><div class=\"kt-blocks-tags kt-blocks-post-footer-section\"><span class=\"kt-blocks-tags-icon\"><svg version=\"1.1\" xmlns=\"http:\/\/www.w3.org\/2000\/svg\" class=\"kt-blocks-tag-svg\" width=\"36\" height=\"32\" fill=\"currentColor\" viewBox=\"0 0 36 32\"><title>\u00c9tiquettes<\/title><path d=\"M34.939 19.939l-8.879-8.879c-0.583-0.583-1.736-1.061-2.561-1.061h-18c-0.825 0-1.5 0.675-1.5 1.5v19c0 0.825 0.675 1.5 1.5 1.5h18c0.825 0 1.977-0.477 2.561-1.061l8.879-8.879c0.583-0.583 0.583-1.538-0-2.121zM25 24c-1.657 0-3-1.343-3-3s1.343-3 3-3 3 1.343 3 3-1.343 3-3 3z\"><\/path><path d=\"M2 8h21l-0.939-0.939c-0.583-0.583-1.736-1.061-2.561-1.061h-18c-0.825 0-1.5 0.675-1.5 1.5v19c0 0.825 0.675 1.5 1.5 1.5h0.5v-20z\"><\/path><\/svg><\/span><a href=\"https:\/\/denismarie.fr\/seminaire\/tag\/videoclip\/\" rel=\"tag\">Vid\u00e9oclip<\/a><\/div><\/div><div class=\"kt-blocks-post-footer-right\"><\/div><\/footer><\/div><\/div><\/article><article class=\"kt-blocks-post-grid-item\"><div class=\"kt-blocks-post-grid-item-inner-wrap kt-feat-image-align-top kt-feat-image-mobile-align-top\"><div class=\"kadence-post-image\"><div class=\"kadence-post-image-intrisic kt-image-ratio-56-25\" style=\"padding-bottom:56.25%;\"><div class=\"kadence-post-image-inner-intrisic\"><a aria-hidden=\"true\" tabindex=\"-1\" role=\"presentation\" href=\"https:\/\/denismarie.fr\/seminaire\/le-coeur-de-vie\/\" aria-label=\"Le C\u0153ur de Vie\" class=\"kadence-post-image-inner-wrap\"><img loading=\"lazy\" decoding=\"async\" width=\"1024\" height=\"574\" src=\"https:\/\/denismarie.fr\/seminaire\/wp-content\/uploads\/2026\/04\/affiches-cyan-1024x574.webp\" class=\"attachment-large size-large wp-post-image\" alt=\"\" srcset=\"https:\/\/denismarie.fr\/seminaire\/wp-content\/uploads\/2026\/04\/affiches-cyan-1024x574.webp 1024w, https:\/\/denismarie.fr\/seminaire\/wp-content\/uploads\/2026\/04\/affiches-cyan-300x168.webp 300w, https:\/\/denismarie.fr\/seminaire\/wp-content\/uploads\/2026\/04\/affiches-cyan-768x430.webp 768w, https:\/\/denismarie.fr\/seminaire\/wp-content\/uploads\/2026\/04\/affiches-cyan-1536x861.webp 1536w, https:\/\/denismarie.fr\/seminaire\/wp-content\/uploads\/2026\/04\/affiches-cyan.webp 1749w\" sizes=\"auto, (max-width: 1024px) 100vw, 1024px\" \/><\/a><\/div><\/div><\/div><div class=\"kt-blocks-post-grid-item-inner\"><header><h2 class=\"entry-title\"><a href=\"https:\/\/denismarie.fr\/seminaire\/le-coeur-de-vie\/\">Le C\u0153ur de Vie<\/a><\/h2><div class=\"kt-blocks-post-top-meta\"><\/div><\/header><div class=\"entry-content\">Texte du vid\u00e9oclip La source d\u2019Amour est en nous, mais nous ne savons pas comment la canaliser. Elle repr\u00e9sente l\u2019\u00e9nergie vitale, mais nous&#8230;<div class=\"kt-blocks-post-readmore-wrap\"><a class=\"kt-blocks-post-readmore\" href=\"https:\/\/denismarie.fr\/seminaire\/le-coeur-de-vie\/\">SUITE \u203a <span class=\"screen-reader-text\"> Le C\u0153ur de Vie<\/span><\/a><\/div><\/div><footer class=\"kt-blocks-post-footer\"><div class=\"kt-blocks-post-footer-left\"><div class=\"kt-blocks-tags kt-blocks-post-footer-section\"><span class=\"kt-blocks-tags-icon\"><svg version=\"1.1\" xmlns=\"http:\/\/www.w3.org\/2000\/svg\" class=\"kt-blocks-tag-svg\" width=\"36\" height=\"32\" fill=\"currentColor\" viewBox=\"0 0 36 32\"><title>\u00c9tiquettes<\/title><path d=\"M34.939 19.939l-8.879-8.879c-0.583-0.583-1.736-1.061-2.561-1.061h-18c-0.825 0-1.5 0.675-1.5 1.5v19c0 0.825 0.675 1.5 1.5 1.5h18c0.825 0 1.977-0.477 2.561-1.061l8.879-8.879c0.583-0.583 0.583-1.538-0-2.121zM25 24c-1.657 0-3-1.343-3-3s1.343-3 3-3 3 1.343 3 3-1.343 3-3 3z\"><\/path><path d=\"M2 8h21l-0.939-0.939c-0.583-0.583-1.736-1.061-2.561-1.061h-18c-0.825 0-1.5 0.675-1.5 1.5v19c0 0.825 0.675 1.5 1.5 1.5h0.5v-20z\"><\/path><\/svg><\/span><a href=\"https:\/\/denismarie.fr\/seminaire\/tag\/videoclip-2\/\" rel=\"tag\">Vid\u00e9oclip 2<\/a><\/div><\/div><div class=\"kt-blocks-post-footer-right\"><\/div><\/footer><\/div><\/div><\/article><\/div><\/div><!-- .wp-block-kadence-postgrid -->\n\n<style>.wp-block-kadence-advancedbtn.kt-btns8412_6ce5ad-77, .site .entry-content .wp-block-kadence-advancedbtn.kt-btns8412_6ce5ad-77, .wp-block-kadence-advancedbtn.kb-btns8412_6ce5ad-77, .site .entry-content .wp-block-kadence-advancedbtn.kb-btns8412_6ce5ad-77{margin-top:var(--global-kb-spacing-md, 2rem);margin-bottom:var(--global-kb-spacing-sm, 1.5rem);}.wp-block-kadence-advancedbtn.kb-btns8412_6ce5ad-77{gap:var(--global-kb-gap-xs, 0.5rem );justify-content:center;align-items:center;}.kt-btns8412_6ce5ad-77 .kt-button{font-weight:normal;font-style:normal;}.kt-btns8412_6ce5ad-77 .kt-btn-wrap-0{margin-right:5px;}.wp-block-kadence-advancedbtn.kt-btns8412_6ce5ad-77 .kt-btn-wrap-0 .kt-button{color:#555555;border-color:#555555;}.wp-block-kadence-advancedbtn.kt-btns8412_6ce5ad-77 .kt-btn-wrap-0 .kt-button:hover, .wp-block-kadence-advancedbtn.kt-btns8412_6ce5ad-77 .kt-btn-wrap-0 .kt-button:focus{color:#ffffff;border-color:#444444;}.wp-block-kadence-advancedbtn.kt-btns8412_6ce5ad-77 .kt-btn-wrap-0 .kt-button::before{display:none;}.wp-block-kadence-advancedbtn.kt-btns8412_6ce5ad-77 .kt-btn-wrap-0 .kt-button:hover, .wp-block-kadence-advancedbtn.kt-btns8412_6ce5ad-77 .kt-btn-wrap-0 .kt-button:focus{background:#444444;}@media all and (max-width: 767px){.wp-block-kadence-advancedbtn.kt-btns8412_6ce5ad-77, .site .entry-content .wp-block-kadence-advancedbtn.kt-btns8412_6ce5ad-77, .wp-block-kadence-advancedbtn.kb-btns8412_6ce5ad-77, .site .entry-content .wp-block-kadence-advancedbtn.kb-btns8412_6ce5ad-77{margin-right:var(--global-kb-spacing-xs, 1rem);margin-left:var(--global-kb-spacing-xs, 1rem);}}<\/style>\n<div class=\"wp-block-kadence-advancedbtn kb-buttons-wrap kb-btns8412_6ce5ad-77\"><style>ul.menu .wp-block-kadence-advancedbtn .kb-btn8412_a182e9-b6.kb-button{width:initial;}.wp-block-kadence-advancedbtn .kb-btn8412_a182e9-b6.kb-button{text-transform:uppercase;}.kb-btn8412_a182e9-b6.kb-button .kb-svg-icon-wrap{font-size:24px;--kb-button-icon-size:24px;}.wp-block-kadence-advancedbtn .kb-btn8412_a182e9-b6.kb-button:hover, .wp-block-kadence-advancedbtn .kb-btn8412_a182e9-b6.kb-button:focus{color:#fafafa;}@media all and (max-width: 767px){.wp-block-kadence-advancedbtn .kb-btn8412_a182e9-b6.kb-button{font-size:17px;}.kb-btn8412_a182e9-b6.kb-button .kb-svg-icon-wrap{font-size:20px;--kb-button-icon-size:20px;}}<\/style><span class=\"kb-button kt-button button kb-btn8412_a182e9-b6 kt-btn-size-small kt-btn-width-type-auto kb-btn-global-fill  kt-btn-has-text-true kt-btn-has-svg-true  wp-block-kadence-singlebtn\"><span class=\"kb-svg-icon-wrap kb-svg-icon-fe_youtube kt-btn-icon-side-left\"><svg viewBox=\"0 0 24 24\"  fill=\"none\" stroke=\"currentColor\" stroke-width=\"2\" stroke-linecap=\"round\" stroke-linejoin=\"round\" xmlns=\"http:\/\/www.w3.org\/2000\/svg\"  role=\"img\"><title>Extraits vid\u00e9o<\/title><path d=\"M22.54 6.42a2.78 2.78 0 0 0-1.94-2C18.88 4 12 4 12 4s-6.88 0-8.6.46a2.78 2.78 0 0 0-1.94 2A29 29 0 0 0 1 11.75a29 29 0 0 0 .46 5.33A2.78 2.78 0 0 0 3.4 19c1.72.46 8.6.46 8.6.46s6.88 0 8.6-.46a2.78 2.78 0 0 0 1.94-2 29 29 0 0 0 .46-5.25 29 29 0 0 0-.46-5.33z\"\/><polygon points=\"9.75 15.02 15.5 11.75 9.75 8.48 9.75 15.02\"\/><\/svg><\/span><span class=\"kt-btn-inner-text\">Inactif<\/span><\/span><\/div>\n\n\n\n<p><\/p>\n","protected":false},"excerpt":{"rendered":"<p>S\u00c9MINAIRE 2026<\/p>\n","protected":false},"author":1,"featured_media":0,"parent":0,"menu_order":0,"comment_status":"closed","ping_status":"closed","template":"","meta":{"_kad_blocks_custom_css":"","_kad_blocks_head_custom_js":"","_kad_blocks_body_custom_js":"","_kad_blocks_footer_custom_js":"","_kadence_starter_templates_imported_post":false,"_kad_post_transparent":"","_kad_post_title":"","_kad_post_layout":"","_kad_post_sidebar_id":"","_kad_post_content_style":"","_kad_post_vertical_padding":"","_kad_post_feature":"","_kad_post_feature_position":"","_kad_post_header":false,"_kad_post_footer":false,"_kad_post_classname":"","footnotes":""},"class_list":["post-8412","page","type-page","status-publish","hentry"],"taxonomy_info":[],"featured_image_src_large":false,"author_info":{"display_name":"Denis Marie","author_link":"https:\/\/denismarie.fr\/seminaire\/author\/denis\/"},"comment_info":0,"_links":{"self":[{"href":"https:\/\/denismarie.fr\/seminaire\/wp-json\/wp\/v2\/pages\/8412","targetHints":{"allow":["GET"]}}],"collection":[{"href":"https:\/\/denismarie.fr\/seminaire\/wp-json\/wp\/v2\/pages"}],"about":[{"href":"https:\/\/denismarie.fr\/seminaire\/wp-json\/wp\/v2\/types\/page"}],"author":[{"embeddable":true,"href":"https:\/\/denismarie.fr\/seminaire\/wp-json\/wp\/v2\/users\/1"}],"replies":[{"embeddable":true,"href":"https:\/\/denismarie.fr\/seminaire\/wp-json\/wp\/v2\/comments?post=8412"}],"version-history":[{"count":13,"href":"https:\/\/denismarie.fr\/seminaire\/wp-json\/wp\/v2\/pages\/8412\/revisions"}],"predecessor-version":[{"id":8508,"href":"https:\/\/denismarie.fr\/seminaire\/wp-json\/wp\/v2\/pages\/8412\/revisions\/8508"}],"wp:attachment":[{"href":"https:\/\/denismarie.fr\/seminaire\/wp-json\/wp\/v2\/media?parent=8412"}],"curies":[{"name":"wp","href":"https:\/\/api.w.org\/{rel}","templated":true}]}}